{"id":6769,"date":"2023-09-19T14:51:22","date_gmt":"2023-09-19T12:51:22","guid":{"rendered":"https:\/\/themonster.be\/?page_id=6769"},"modified":"2023-09-29T08:08:52","modified_gmt":"2023-09-29T06:08:52","slug":"edition-precedentes","status":"publish","type":"page","link":"https:\/\/themonster.be\/en\/edition-precedentes\/","title":{"rendered":"past editions"},"content":{"rendered":"<div data-colibri-id=\"6769-c1\" class=\"style-2856 style-local-6769-c1 position-relative\">\n  <!---->\n  <div data-colibri-component=\"section\" data-colibri-id=\"6769-c2\" id=\"features\" class=\"h-section h-section-global-spacing d-flex align-items-lg-center align-items-md-center align-items-center style-2865 style-local-6769-c2 position-relative\">\n    <!---->\n    <!---->\n    <div class=\"h-section-grid-container h-section-fluid-container\">\n      <!---->\n      <div data-colibri-id=\"6769-c3\" class=\"h-row-container gutters-row-lg-0 gutters-row-md-0 gutters-row-0 gutters-row-v-lg-0 gutters-row-v-md-0 gutters-row-v-0 style-2866 style-local-6769-c3 position-relative\">\n        <!---->\n        <div class=\"h-row justify-content-lg-center justify-content-md-center justify-content-center align-items-lg-stretch align-items-md-stretch align-items-stretch gutters-col-lg-0 gutters-col-md-0 gutters-col-0 gutters-col-v-lg-0 gutters-col-v-md-0 gutters-col-v-0\">\n          <!---->\n          <div class=\"h-column h-column-container d-flex h-col-lg-auto h-col-md-auto h-col-auto style-2867-outer style-local-6769-c4-outer\">\n            <div data-colibri-id=\"6769-c4\" class=\"d-flex h-flex-basis h-column__inner h-px-lg-0 h-px-md-0 h-px-0 v-inner-lg-0 v-inner-md-0 v-inner-0 style-2867 style-local-6769-c4 position-relative\">\n              <!---->\n              <!---->\n              <div class=\"w-100 h-y-container h-column__content h-column__v-align flex-basis-100 align-self-lg-center align-self-md-center align-self-center\">\n                <!---->\n                <div data-colibri-id=\"6769-c5\" class=\"h-global-transition-all h-heading style-2868 style-local-6769-c5 position-relative h-element\">\n                  <!---->\n                  <div class=\"h-heading__outer style-2868 style-local-6769-c5\">\n                    <!---->\n                    <!---->\n                    <h3 class=\"\">Relive the previous chapters<\/h3>\n                  <\/div>\n                <\/div>\n              <\/div>\n            <\/div>\n          <\/div>\n          <div class=\"h-column h-column-container d-flex h-col-lg-auto h-col-md-auto h-col-auto style-2875-outer style-local-6769-c6-outer\">\n            <div data-colibri-id=\"6769-c6\" class=\"d-flex h-flex-basis h-column__inner h-px-lg-3 h-px-md-3 h-px-3 v-inner-lg-3 v-inner-md-3 v-inner-3 style-2875 style-local-6769-c6 position-relative\">\n              <div class=\"background-wrapper\">\n                <div class=\"background-layer background-layer-media-container-lg\">\n                  <!---->\n                  <div class=\"overlay-layer\">\n                    <div class=\"overlay-image-layer\" style=\"background-color: rgba(117, 4, 16, 0.52); opacity: 0.75;\"><\/div>\n                  <\/div>\n                <\/div>\n                <div class=\"background-layer background-layer-media-container-md\">\n                  <!---->\n                  <div class=\"overlay-layer\">\n                    <div class=\"overlay-image-layer\" style=\"background-color: rgba(117, 4, 16, 0.52); opacity: 0.75;\"><\/div>\n                  <\/div>\n                <\/div>\n                <div class=\"background-layer background-layer-media-container\">\n                  <!---->\n                  <div class=\"overlay-layer\">\n                    <div class=\"overlay-image-layer\" style=\"background-color: rgba(117, 4, 16, 0.52); opacity: 0.75;\"><\/div>\n                  <\/div>\n                <\/div>\n              <\/div>\n              <!---->\n              <div class=\"w-100 h-y-container h-column__content h-column__v-align flex-basis-100 align-self-lg-start align-self-md-start align-self-start\">\n                <!---->\n                <div data-colibri-id=\"6769-c7\" class=\"h-global-transition-all h-heading style-2877 style-local-6769-c7 position-relative h-element\">\n                  <!---->\n                  <div class=\"h-heading__outer style-2877 style-local-6769-c7\">\n                    <!---->\n                    <!---->\n                    <h4 class=\"\">CHAPTER I<\/h4>\n                  <\/div>\n                <\/div>\n                <div data-colibri-id=\"6769-c8\" class=\"h-x-container style-2880 style-local-6769-c8 position-relative h-element\">\n                  <!---->\n                  <div class=\"h-x-container-inner style-dynamic-6769-c8-group style-2880-spacing style-local-6769-c8-spacing\"><span class=\"h-button__outer style-2492-outer style-local-6769-c9-outer d-inline-flex h-element\"><a h-use-smooth-scroll=\"true\" href=\"https:\/\/themonster.be\/en\/chapter-i\/\"  data-colibri-id=\"6769-c9\" class=\"d-flex w-100 align-items-center h-button justify-content-lg-center justify-content-md-center justify-content-center style-2492 style-local-6769-c9 position-relative\"><!----><!----> <span>Edition 2022<\/span><\/a>\n                    <\/span>\n                  <\/div>\n                <\/div>\n                <div data-colibri-id=\"6769-c10\" class=\"h-text h-text-component style-2878 style-local-6769-c10 position-relative h-element\">\n                  <!---->\n                  <!---->\n                  <div class=\"\">\n                    <p><em>\u00ab The event was first class. <\/em><\/p>\n                    <p><em>This was their first time organizing an event and it seemed like they had been doing this for years. <\/em><\/p>\n                    <p><em>Many thanks go out to Olivier and his crew, they worked their asses off and put on a hell of an event.<\/em><\/p>\n                    <p><em>I would highly recommend The Ardennes Monster to others. \u00bb<\/em><\/p>\n                    <p>\n                      <br>\n                    <\/p>\n                    <p><em>Kevin Shaffer, USA, 2022<\/em><\/p>\n                    <p>\n                      <br>\n                    <\/p>\n                  <\/div>\n                <\/div>\n              <\/div>\n            <\/div>\n          <\/div>\n          <div class=\"h-column h-column-container d-flex h-col-lg-auto h-col-md-auto h-col-auto style-2879-outer style-local-6769-c11-outer\">\n            <div data-colibri-id=\"6769-c11\" class=\"d-flex h-flex-basis h-column__inner h-px-lg-3 h-px-md-3 h-px-3 v-inner-lg-3 v-inner-md-3 v-inner-3 style-2879 style-local-6769-c11 position-relative\">\n              <div class=\"background-wrapper\">\n                <div class=\"background-layer background-layer-media-container-lg\">\n                  <!---->\n                  <div class=\"overlay-layer\">\n                    <div class=\"overlay-image-layer\" style=\"background-color: rgb(244, 244, 244); opacity: 0.8;\"><\/div>\n                  <\/div>\n                <\/div>\n                <div class=\"background-layer background-layer-media-container-md\">\n                  <!---->\n                  <div class=\"overlay-layer\">\n                    <div class=\"overlay-image-layer\" style=\"background-color: rgb(244, 244, 244); opacity: 0.8;\"><\/div>\n                  <\/div>\n                <\/div>\n                <div class=\"background-layer background-layer-media-container\">\n                  <!---->\n                  <div class=\"overlay-layer\">\n                    <div class=\"overlay-image-layer\" style=\"background-color: rgb(244, 244, 244); opacity: 0.8;\"><\/div>\n                  <\/div>\n                <\/div>\n              <\/div>\n              <!---->\n              <div class=\"w-100 h-y-container h-column__content h-column__v-align flex-basis-100 align-self-lg-start align-self-md-start align-self-start\">\n                <!---->\n                <div data-colibri-id=\"6769-c12\" class=\"h-global-transition-all h-heading style-2873 style-local-6769-c12 position-relative h-element\">\n                  <!---->\n                  <div class=\"h-heading__outer style-2873 style-local-6769-c12\">\n                    <!---->\n                    <!---->\n                    <h4 class=\"\">CHAPTER II<\/h4>\n                  <\/div>\n                <\/div>\n                <div data-colibri-id=\"6769-c13\" class=\"h-x-container style-2882 style-local-6769-c13 position-relative h-element\">\n                  <!---->\n                  <div class=\"h-x-container-inner style-dynamic-6769-c13-group style-2882-spacing style-local-6769-c13-spacing\"><span class=\"h-button__outer style-2884-outer style-local-6769-c14-outer d-inline-flex h-element\"><a h-use-smooth-scroll=\"true\" href=\"https:\/\/themonster.be\/en\/chapter-ii-2023\/\"  data-colibri-id=\"6769-c14\" class=\"d-flex w-100 align-items-center h-button justify-content-lg-center justify-content-md-center justify-content-center style-2884 style-local-6769-c14 position-relative\"><!----><!----> <span>Edition 2023<\/span><\/a>\n                    <\/span>\n                  <\/div>\n                <\/div>\n                <div data-colibri-id=\"6769-c15\" class=\"h-text h-text-component style-2874 style-local-6769-c15 position-relative h-element\">\n                  <!---->\n                  <!---->\n                  <div class=\"\">\n                    <p>\u00ab\u00a0C&rsquo;est le challenge le plus dur et le plus exigeant physiquement et mentalement que j&rsquo;ai pu faire jusqu&rsquo;\u00e0 pr\u00e9sent.<\/p>\n                    <p>Le trac\u00e9 et la typologie du parcours se d\u00e9marquent de n&rsquo;importe quelle autre \u00e9preuve du genre et rendent l&rsquo;\u00e9preuve unique dans son genre.<\/p>\n                    <p>Sachez que l&rsquo;effort sera intense, particulier, peut-\u00eatre plus que sur un ultra \u00ab\u00a0classique\u00a0\u00bb.<\/p>\n                    <p>L&rsquo;atmosph\u00e8re est bien pr\u00e9sente et donne un suppl\u00e9ment d&rsquo;\u00e2me, la communication est efficace autour de l&rsquo;\u00e9v\u00e8nement, pour les proches comme pour les participants.\u00a0\u00bb<\/p>\n                    <p>Anthony Joannes, France, 2023<\/p>\n                    <p>\n                      <br>\n                    <\/p>\n                  <\/div>\n                <\/div>\n              <\/div>\n            <\/div>\n          <\/div>\n        <\/div>\n      <\/div>\n    <\/div>\n  <\/div>\n  <div data-colibri-component=\"section\" data-colibri-id=\"6769-c16\" id=\"social\" class=\"h-section h-section-global-spacing d-flex align-items-lg-center align-items-md-center align-items-center style-2857 style-local-6769-c16 position-relative\">\n    <!---->\n    <!---->\n    <div class=\"h-section-grid-container h-section-boxed-container\">\n      <!---->\n      <div data-colibri-id=\"6769-c17\" class=\"h-row-container gutters-row-lg-2 gutters-row-md-2 gutters-row-0 gutters-row-v-lg-2 gutters-row-v-md-2 gutters-row-v-2 style-2858 style-local-6769-c17 position-relative\">\n        <!---->\n        <div class=\"h-row justify-content-lg-center justify-content-md-center justify-content-center align-items-lg-stretch align-items-md-stretch align-items-stretch gutters-col-lg-2 gutters-col-md-2 gutters-col-0 gutters-col-v-lg-2 gutters-col-v-md-2 gutters-col-v-2\">\n          <!---->\n          <div class=\"h-column h-column-container d-flex h-col-lg-auto h-col-md-auto h-col-auto style-2859-outer style-local-6769-c18-outer\">\n            <div data-colibri-id=\"6769-c18\" class=\"d-flex h-flex-basis h-column__inner h-px-lg-2 h-px-md-2 h-px-2 v-inner-lg-2 v-inner-md-2 v-inner-2 style-2859 style-local-6769-c18 position-relative\">\n              <!---->\n              <!---->\n              <div class=\"w-100 h-y-container h-column__content h-column__v-align flex-basis-100 align-self-lg-start align-self-md-start align-self-start\">\n                <!---->\n                <div data-colibri-id=\"6769-c19\" class=\"h-global-transition-all h-heading style-2860 style-local-6769-c19 position-relative h-element\">\n                  <!---->\n                  <div class=\"h-heading__outer style-2860 style-local-6769-c19\">\n                    <!---->\n                    <!---->\n                    <h4 class=\"\">Follow us on :<\/h4>\n                  <\/div>\n                <\/div>\n                <div data-colibri-id=\"6769-c20\" class=\"icon-list d-flex justify-content-lg-center justify-content-md-center justify-content-center style-2861 style-local-6769-c20 position-relative h-element\">\n                  <!---->\n                  <ul class=\"ul-list-icon horizontal-on-desktop horizontal-on-tablet vertical-on-mobile justify-content-lg-center justify-content-md-center justify-content-center\">\n                    <!---->\n                    <li class=\"list-item no-gutters\">\n                      <!---->\n                      <div class=\"list-container-divider d-flex justify-content-lg-center justify-content-md-center justify-content-center first-el-spacer\"><\/div>\n                      <a href=\"https:\/\/www.instagram.com\/the_ardennes_monster\/\" target=\"_blank\" h-use-smooth-scroll=\"true\" class=\"item-link no-gutters\" rel=\"noopener\">\n                        <div class=\"d-flex h-col no-gutters align-items-lg-center align-items-md-center align-items-center list-item-text-wrapper\">\n                          <div class=\"d-flex\"><span class=\"h-svg-icon style-2861-icon style-local-6769-c20-icon\"><!--Icon by Socicon (http:\/\/www.socicon.com)--><svg version=\"1.1\" xmlns=\"http:\/\/www.w3.org\/2000\/svg\" viewbox=\"0 0 1500 1500\">\n\n<path d=\"M750 134.766c202.148 0 222.656 2.93 301.758 5.859 76.172 2.93 114.258 14.648 140.625 23.438 35.156 14.648 61.523 32.227 84.961 55.664 26.367 26.367 43.945 52.734 55.664 84.961 11.719 29.297 23.438 67.383 26.367 140.625 2.93 82.031 5.859 102.539 5.859 304.688s-2.93 222.656-5.859 301.758c-2.93 76.172-14.648 114.258-23.438 140.625-14.648 35.156-32.227 61.523-55.664 84.961-26.367 26.367-52.734 43.945-84.961 55.664-29.297 11.719-67.383 23.438-140.625 26.367-82.031 2.93-102.539 5.859-304.688 5.859s-222.656-2.93-301.758-5.859c-76.172-2.93-114.258-14.648-140.625-23.438-35.156-14.648-61.523-32.227-84.961-55.664-26.367-26.367-43.945-52.734-55.664-84.961-11.719-29.297-23.438-67.383-26.367-140.625-2.93-82.031-5.859-102.539-5.859-304.688s2.93-222.656 5.859-301.758c2.93-76.172 14.648-114.258 23.438-140.625 14.648-35.156 32.227-61.523 55.664-84.961 26.367-26.367 52.734-43.945 84.961-55.664 29.297-11.719 67.383-23.438 140.625-26.367 82.031-2.93 102.539-5.859 304.688-5.859M750 0c-205.078 0-228.516 2.93-307.617 5.859-82.031 2.93-137.695 14.648-181.641 32.227-49.805 20.508-93.75 46.875-134.766 87.891s-67.383 84.961-87.891 134.766c-17.578 46.875-29.297 99.609-32.227 181.641-2.93 79.102-5.859 102.539-5.859 307.617s2.93 228.516 5.859 307.617c2.93 82.031 14.648 137.695 32.227 181.641 20.508 49.805 46.875 93.75 87.891 134.766s84.961 67.383 134.766 87.891c46.875 17.578 99.609 29.297 181.641 32.227 79.102 2.93 102.539 5.859 307.617 5.859s228.516-2.93 307.617-5.859c82.031-2.93 137.695-14.648 181.641-32.227 49.805-20.508 93.75-46.875 134.766-87.891s67.383-84.961 87.891-134.766c17.578-46.875 29.297-99.609 32.227-181.641 2.93-79.102 5.859-102.539 5.859-307.617s-2.93-228.516-5.859-307.617c-2.93-82.031-14.648-137.695-32.227-181.641-20.508-49.805-46.875-93.75-87.891-134.766s-84.961-67.383-134.766-87.891c-46.875-17.578-99.609-29.297-181.641-32.227-79.102-2.93-102.539-5.859-307.617-5.859zM750 363.281c-213.867 0-386.719 172.852-386.719 386.719s172.852 386.719 386.719 386.719c213.867 0 386.719-172.852 386.719-386.719s-172.852-386.719-386.719-386.719zM750 1001.953c-137.695 0-251.953-114.258-251.953-251.953s114.258-251.953 251.953-251.953c137.695 0 251.953 114.258 251.953 251.953s-114.258 251.953-251.953 251.953zM1239.258 348.633c0 49.805-38.086 90.82-87.891 90.82s-90.82-41.016-90.82-90.82c0-49.805 41.016-87.891 90.82-87.891s87.891 38.086 87.891 87.891z\"><\/path>\n<\/svg>\n<\/span><\/div> <span class=\"list-text d-block\"><span>INSTAGRAM<\/span><\/span>\n                        <\/div>\n                      <\/a>\n                      <div class=\"list-container-divider d-flex justify-content-lg-center justify-content-md-center justify-content-center\">\n                        <!---->\n                      <\/div>\n                    <\/li>\n                    <li class=\"list-item no-gutters\">\n                      <!---->\n                      <!---->\n                      <a href=\"https:\/\/www.facebook.com\/ArdennesMonster\" target=\"_blank\" h-use-smooth-scroll=\"true\" class=\"item-link no-gutters\" rel=\"noopener\">\n                        <div class=\"d-flex h-col no-gutters align-items-lg-center align-items-md-center align-items-center list-item-text-wrapper\">\n                          <div class=\"d-flex\"><span class=\"h-svg-icon style-2861-icon style-local-6769-c20-icon\"><!--Icon by Socicon (http:\/\/www.socicon.com)--><svg version=\"1.1\" xmlns=\"http:\/\/www.w3.org\/2000\/svg\" viewbox=\"0 0 1500 1500\">\n\n<path d=\"M867.188 1500v-685.547h228.516l35.156-266.602h-263.672v-169.922c0-76.172 20.508-128.906 131.836-128.906h140.625v-237.305c-23.438-5.859-108.398-11.719-205.078-11.719-205.078 0-342.773 123.047-342.773 351.563v196.289h-231.445v266.602h231.445v685.547z\"><\/path>\n<\/svg>\n<\/span><\/div> <span class=\"list-text d-block\"><span>FACEBOOK<\/span><\/span>\n                        <\/div>\n                      <\/a>\n                      <div class=\"list-container-divider d-flex justify-content-lg-center justify-content-md-center justify-content-center\" style=\"display: none;\">\n                        <!---->\n                      <\/div>\n                      <div class=\"list-container-divider d-flex justify-content-lg-center justify-content-md-center justify-content-center last-el-spacer\"><\/div>\n                    <\/li>\n                  <\/ul>\n                <\/div>\n              <\/div>\n            <\/div>\n          <\/div>\n        <\/div>\n      <\/div>\n    <\/div>\n  <\/div>\n<\/div>","protected":false},"excerpt":{"rendered":"<p>Relive the previous chapters CHAPTER I Edition 2022 \u00ab The event was first class. This was their first time organizing an event and it seemed like they had been doing this for years. \ufeff Many thanks go out to Olivier and his crew, they worked their asses off and put on a hell of an [&hellip;]<\/p>\n","protected":false},"author":1,"featured_media":0,"parent":0,"menu_order":0,"comment_status":"closed","ping_status":"closed","template":"page-templates\/full-width-page.php","meta":{"footnotes":""},"class_list":["post-6769","page","type-page","status-publish","hentry"],"yoast_head":"<!-- This site is optimized with the Yoast SEO plugin v27.3 - https:\/\/yoast.com\/product\/yoast-seo-wordpress\/ -->\n<title>Edition pr\u00e9c\u00e9dentes | The Ardennes Monster<\/title>\n<meta name=\"robots\" content=\"index, follow, max-snippet:-1, max-image-preview:large, max-video-preview:-1\" \/>\n<link rel=\"canonical\" href=\"https:\/\/themonster.be\/en\/edition-precedentes\/\" \/>\n<meta property=\"og:locale\" content=\"en_GB\" \/>\n<meta property=\"og:type\" content=\"article\" \/>\n<meta property=\"og:title\" content=\"Edition pr\u00e9c\u00e9dentes | The Ardennes Monster\" \/>\n<meta property=\"og:description\" content=\"Relive the previous chapters CHAPTER I Edition 2022 \u00ab The event was first class. This was their first time organizing an event and it seemed like they had been doing this for years. \ufeff Many thanks go out to Olivier and his crew, they worked their asses off and put on a hell of an [&hellip;]\" \/>\n<meta property=\"og:url\" content=\"https:\/\/themonster.be\/en\/edition-precedentes\/\" \/>\n<meta property=\"og:site_name\" content=\"The Ardennes Monster\" \/>\n<meta property=\"article:publisher\" content=\"https:\/\/www.facebook.com\/ArdennesMonster\" \/>\n<meta property=\"article:modified_time\" content=\"2023-09-29T06:08:52+00:00\" \/>\n<meta name=\"twitter:card\" content=\"summary_large_image\" \/>\n<meta name=\"twitter:label1\" content=\"Estimated reading time\" \/>\n\t<meta name=\"twitter:data1\" content=\"1 minute\" \/>\n<script type=\"application\/ld+json\" class=\"yoast-schema-graph\">{\"@context\":\"https:\\\/\\\/schema.org\",\"@graph\":[{\"@type\":\"WebPage\",\"@id\":\"https:\\\/\\\/themonster.be\\\/edition-precedentes\\\/\",\"url\":\"https:\\\/\\\/themonster.be\\\/edition-precedentes\\\/\",\"name\":\"Edition pr\u00e9c\u00e9dentes | The Ardennes Monster\",\"isPartOf\":{\"@id\":\"https:\\\/\\\/themonster.be\\\/#website\"},\"datePublished\":\"2023-09-19T12:51:22+00:00\",\"dateModified\":\"2023-09-29T06:08:52+00:00\",\"breadcrumb\":{\"@id\":\"https:\\\/\\\/themonster.be\\\/edition-precedentes\\\/#breadcrumb\"},\"inLanguage\":\"en-GB\",\"potentialAction\":[{\"@type\":\"ReadAction\",\"target\":[\"https:\\\/\\\/themonster.be\\\/edition-precedentes\\\/\"]}]},{\"@type\":\"BreadcrumbList\",\"@id\":\"https:\\\/\\\/themonster.be\\\/edition-precedentes\\\/#breadcrumb\",\"itemListElement\":[{\"@type\":\"ListItem\",\"position\":1,\"name\":\"Accueil\",\"item\":\"https:\\\/\\\/themonster.be\\\/\"},{\"@type\":\"ListItem\",\"position\":2,\"name\":\"Edition pr\u00e9c\u00e9dentes\"}]},{\"@type\":\"WebSite\",\"@id\":\"https:\\\/\\\/themonster.be\\\/#website\",\"url\":\"https:\\\/\\\/themonster.be\\\/\",\"name\":\"The Ardennes Monster\",\"description\":\"RESIST &amp; RIDE\",\"publisher\":{\"@id\":\"https:\\\/\\\/themonster.be\\\/#organization\"},\"potentialAction\":[{\"@type\":\"SearchAction\",\"target\":{\"@type\":\"EntryPoint\",\"urlTemplate\":\"https:\\\/\\\/themonster.be\\\/?s={search_term_string}\"},\"query-input\":{\"@type\":\"PropertyValueSpecification\",\"valueRequired\":true,\"valueName\":\"search_term_string\"}}],\"inLanguage\":\"en-GB\"},{\"@type\":\"Organization\",\"@id\":\"https:\\\/\\\/themonster.be\\\/#organization\",\"name\":\"The Ardennes Monster\",\"url\":\"https:\\\/\\\/themonster.be\\\/\",\"logo\":{\"@type\":\"ImageObject\",\"inLanguage\":\"en-GB\",\"@id\":\"https:\\\/\\\/themonster.be\\\/#\\\/schema\\\/logo\\\/image\\\/\",\"url\":\"https:\\\/\\\/i0.wp.com\\\/themonster.be\\\/wp-content\\\/uploads\\\/2021\\\/11\\\/logo-black-1.png?fit=1552%2C1525&ssl=1\",\"contentUrl\":\"https:\\\/\\\/i0.wp.com\\\/themonster.be\\\/wp-content\\\/uploads\\\/2021\\\/11\\\/logo-black-1.png?fit=1552%2C1525&ssl=1\",\"width\":1552,\"height\":1525,\"caption\":\"The Ardennes Monster\"},\"image\":{\"@id\":\"https:\\\/\\\/themonster.be\\\/#\\\/schema\\\/logo\\\/image\\\/\"},\"sameAs\":[\"https:\\\/\\\/www.facebook.com\\\/ArdennesMonster\",\"https:\\\/\\\/www.instagram.com\\\/the_ardennes_monster\\\/\"]}]}<\/script>\n<!-- \/ Yoast SEO plugin. -->","yoast_head_json":{"title":"Edition pr\u00e9c\u00e9dentes | The Ardennes Monster","robots":{"index":"index","follow":"follow","max-snippet":"max-snippet:-1","max-image-preview":"max-image-preview:large","max-video-preview":"max-video-preview:-1"},"canonical":"https:\/\/themonster.be\/en\/edition-precedentes\/","og_locale":"en_GB","og_type":"article","og_title":"Edition pr\u00e9c\u00e9dentes | The Ardennes Monster","og_description":"Relive the previous chapters CHAPTER I Edition 2022 \u00ab The event was first class. This was their first time organizing an event and it seemed like they had been doing this for years. \ufeff Many thanks go out to Olivier and his crew, they worked their asses off and put on a hell of an [&hellip;]","og_url":"https:\/\/themonster.be\/en\/edition-precedentes\/","og_site_name":"The Ardennes Monster","article_publisher":"https:\/\/www.facebook.com\/ArdennesMonster","article_modified_time":"2023-09-29T06:08:52+00:00","twitter_card":"summary_large_image","twitter_misc":{"Estimated reading time":"1 minute"},"schema":{"@context":"https:\/\/schema.org","@graph":[{"@type":"WebPage","@id":"https:\/\/themonster.be\/edition-precedentes\/","url":"https:\/\/themonster.be\/edition-precedentes\/","name":"Edition pr\u00e9c\u00e9dentes | The Ardennes Monster","isPartOf":{"@id":"https:\/\/themonster.be\/#website"},"datePublished":"2023-09-19T12:51:22+00:00","dateModified":"2023-09-29T06:08:52+00:00","breadcrumb":{"@id":"https:\/\/themonster.be\/edition-precedentes\/#breadcrumb"},"inLanguage":"en-GB","potentialAction":[{"@type":"ReadAction","target":["https:\/\/themonster.be\/edition-precedentes\/"]}]},{"@type":"BreadcrumbList","@id":"https:\/\/themonster.be\/edition-precedentes\/#breadcrumb","itemListElement":[{"@type":"ListItem","position":1,"name":"Accueil","item":"https:\/\/themonster.be\/"},{"@type":"ListItem","position":2,"name":"Edition pr\u00e9c\u00e9dentes"}]},{"@type":"WebSite","@id":"https:\/\/themonster.be\/#website","url":"https:\/\/themonster.be\/","name":"The Ardennes Monster","description":"RESIST &amp; RIDE","publisher":{"@id":"https:\/\/themonster.be\/#organization"},"potentialAction":[{"@type":"SearchAction","target":{"@type":"EntryPoint","urlTemplate":"https:\/\/themonster.be\/?s={search_term_string}"},"query-input":{"@type":"PropertyValueSpecification","valueRequired":true,"valueName":"search_term_string"}}],"inLanguage":"en-GB"},{"@type":"Organization","@id":"https:\/\/themonster.be\/#organization","name":"The Ardennes Monster","url":"https:\/\/themonster.be\/","logo":{"@type":"ImageObject","inLanguage":"en-GB","@id":"https:\/\/themonster.be\/#\/schema\/logo\/image\/","url":"https:\/\/i0.wp.com\/themonster.be\/wp-content\/uploads\/2021\/11\/logo-black-1.png?fit=1552%2C1525&ssl=1","contentUrl":"https:\/\/i0.wp.com\/themonster.be\/wp-content\/uploads\/2021\/11\/logo-black-1.png?fit=1552%2C1525&ssl=1","width":1552,"height":1525,"caption":"The Ardennes Monster"},"image":{"@id":"https:\/\/themonster.be\/#\/schema\/logo\/image\/"},"sameAs":["https:\/\/www.facebook.com\/ArdennesMonster","https:\/\/www.instagram.com\/the_ardennes_monster\/"]}]}},"jetpack_sharing_enabled":true,"_links":{"self":[{"href":"https:\/\/themonster.be\/en\/wp-json\/wp\/v2\/pages\/6769","targetHints":{"allow":["GET"]}}],"collection":[{"href":"https:\/\/themonster.be\/en\/wp-json\/wp\/v2\/pages"}],"about":[{"href":"https:\/\/themonster.be\/en\/wp-json\/wp\/v2\/types\/page"}],"author":[{"embeddable":true,"href":"https:\/\/themonster.be\/en\/wp-json\/wp\/v2\/users\/1"}],"replies":[{"embeddable":true,"href":"https:\/\/themonster.be\/en\/wp-json\/wp\/v2\/comments?post=6769"}],"version-history":[{"count":7,"href":"https:\/\/themonster.be\/en\/wp-json\/wp\/v2\/pages\/6769\/revisions"}],"predecessor-version":[{"id":6888,"href":"https:\/\/themonster.be\/en\/wp-json\/wp\/v2\/pages\/6769\/revisions\/6888"}],"wp:attachment":[{"href":"https:\/\/themonster.be\/en\/wp-json\/wp\/v2\/media?parent=6769"}],"curies":[{"name":"wp","href":"https:\/\/api.w.org\/{rel}","templated":true}]}}