{"id":2912,"date":"2021-11-04T16:45:45","date_gmt":"2021-11-04T15:45:45","guid":{"rendered":"https:\/\/themonster.be\/?page_id=2912"},"modified":"2021-11-04T16:49:06","modified_gmt":"2021-11-04T15:49:06","slug":"mentionslegales","status":"publish","type":"page","link":"https:\/\/themonster.be\/en\/mentionslegales\/","title":{"rendered":"Legal notices"},"content":{"rendered":"<div data-colibri-id=\"2912-c1\" class=\"style-1554 style-local-2912-c1 position-relative\">\n  <!---->\n  <div data-colibri-component=\"section\" data-colibri-id=\"2912-c2\" id=\"initial-content\" class=\"h-section h-section-global-spacing d-flex align-items-lg-center align-items-md-center align-items-center style-1555 style-local-2912-c2 position-relative\">\n    <!---->\n    <!---->\n    <div class=\"h-section-grid-container h-section-boxed-container\">\n      <!---->\n      <div data-colibri-id=\"2912-c3\" class=\"h-row-container gutters-row-lg-2 gutters-row-md-2 gutters-row-0 gutters-row-v-lg-2 gutters-row-v-md-2 gutters-row-v-2 style-1556 style-local-2912-c3 position-relative\">\n        <!---->\n        <div class=\"h-row justify-content-lg-center justify-content-md-center justify-content-center align-items-lg-stretch align-items-md-stretch align-items-stretch gutters-col-lg-2 gutters-col-md-2 gutters-col-0 gutters-col-v-lg-2 gutters-col-v-md-2 gutters-col-v-2\">\n          <!---->\n          <div class=\"h-column h-column-container d-flex h-col-lg-auto h-col-md-auto h-col-auto style-1557-outer style-local-2912-c4-outer\">\n            <div data-colibri-id=\"2912-c4\" class=\"d-flex h-flex-basis h-column__inner h-px-lg-2 h-px-md-2 h-px-2 v-inner-lg-2 v-inner-md-2 v-inner-2 style-1557 style-local-2912-c4 position-relative\">\n              <!---->\n              <!---->\n              <div class=\"w-100 h-y-container h-column__content h-column__v-align flex-basis-100 align-self-lg-start align-self-md-start align-self-start\">\n                <!---->\n                <div data-colibri-id=\"2912-c5\" class=\"h-global-transition-all h-heading style-1558 style-local-2912-c5 position-relative h-element\">\n                  <!---->\n                  <div class=\"h-heading__outer style-1558 style-local-2912-c5\">\n                    <!---->\n                    <!---->\n                    <h3 class=\"\">Legal notices<\/h3>\n                  <\/div>\n                <\/div>\n              <\/div>\n            <\/div>\n          <\/div>\n        <\/div>\n      <\/div>\n      <div data-colibri-id=\"2912-c6\" class=\"h-row-container gutters-row-lg-2 gutters-row-md-2 gutters-row-0 gutters-row-v-lg-2 gutters-row-v-md-2 gutters-row-v-2 style-1559 style-local-2912-c6 position-relative\">\n        <!---->\n        <div class=\"h-row justify-content-lg-center justify-content-md-center justify-content-center align-items-lg-stretch align-items-md-stretch align-items-stretch gutters-col-lg-2 gutters-col-md-2 gutters-col-0 gutters-col-v-lg-2 gutters-col-v-md-2 gutters-col-v-2\">\n          <!---->\n          <div class=\"h-column h-column-container d-flex h-col-lg-auto h-col-md-auto h-col-auto style-1560-outer style-local-2912-c7-outer\">\n            <div data-colibri-id=\"2912-c7\" class=\"d-flex h-flex-basis h-column__inner h-px-lg-2 h-px-md-2 h-px-2 v-inner-lg-2 v-inner-md-2 v-inner-2 style-1560 style-local-2912-c7 position-relative\">\n              <!---->\n              <!---->\n              <div class=\"w-100 h-y-container h-column__content h-column__v-align flex-basis-100 align-self-lg-start align-self-md-start align-self-start\">\n                <!---->\n                <div data-colibri-id=\"2912-c8\" class=\"h-text h-text-component style-1561 style-local-2912-c8 position-relative h-element\">\n                  <!---->\n                  <!---->\n                  <div class=\"\">\n                    <p>\n                      <br>\n                    <\/p>\n                    <p><span style=\"color: rgb(41, 32, 14); font-size: 85%;\">Mise \u00e0 jour le 7 novembre 2021<\/span><\/p>\n                    <p><span style=\"font-size: 85%;\">Ovemove Soci\u00e9t\u00e9 en Commandite<\/span><\/p>\n                    <p><span style=\"font-size: 85%;\">Chauss\u00e9e d\u2019Alsemberg 975 B \u2013 1420 Braine-l\u2019Alleud<\/span><\/p>\n                    <p><span style=\"font-size: 85%;\">BCE \/ TVA&nbsp;: BE 0776.618.919<\/span><\/p>\n                    <p><span style=\"font-size: 85%;\">Registre des personnes morales&nbsp;: Nivelles<\/span><\/p>\n                    <p><span style=\"font-size: 85%;\">E-mail&nbsp;: <\/span>\n                      <a href=\"mailto:olivier.ve@themonster.be\" style=\"font-size: 85%;\">olivier.ve@themonster.be<\/a>\n                    <\/p>\n                    <p><span style=\"font-size: 85%;\">Tel&nbsp;: 0032 473 689 671<\/span><\/p>\n                  <\/div>\n                <\/div>\n              <\/div>\n            <\/div>\n          <\/div>\n        <\/div>\n      <\/div>\n      <div data-colibri-id=\"2912-c9\" class=\"h-row-container gutters-row-lg-2 gutters-row-md-2 gutters-row-0 gutters-row-v-lg-2 gutters-row-v-md-2 gutters-row-v-2 style-1562 style-local-2912-c9 position-relative\">\n        <!---->\n        <div class=\"h-row justify-content-lg-center justify-content-md-center justify-content-center align-items-lg-stretch align-items-md-stretch align-items-stretch gutters-col-lg-2 gutters-col-md-2 gutters-col-0 gutters-col-v-lg-2 gutters-col-v-md-2 gutters-col-v-2\">\n          <!---->\n          <div class=\"h-column h-column-container d-flex h-col-lg-auto h-col-md-auto h-col-auto style-1563-outer style-local-2912-c10-outer\">\n            <div data-colibri-id=\"2912-c10\" class=\"d-flex h-flex-basis h-column__inner h-ui-empty-state-container h-px-lg-2 h-px-md-2 h-px-2 v-inner-lg-2 v-inner-md-2 v-inner-2 style-1563 style-local-2912-c10 position-relative\">\n              <!---->\n              <!---->\n              <div class=\"w-100 h-y-container h-column__content h-column__v-align flex-basis-100\">\n                <!---->\n              <\/div>\n            <\/div>\n          <\/div>\n        <\/div>\n      <\/div>\n    <\/div>\n  <\/div>\n  <div data-colibri-component=\"section\" data-colibri-id=\"2912-c16\" id=\"custom-2\" class=\"h-section h-section-global-spacing d-flex align-items-lg-center align-items-md-center align-items-center style-1569 style-local-2912-c16 position-relative\">\n    <!---->\n    <!---->\n    <div class=\"h-section-grid-container h-section-boxed-container\">\n      <!---->\n      <div data-colibri-id=\"2912-c17\" class=\"h-row-container gutters-row-lg-2 gutters-row-md-2 gutters-row-0 gutters-row-v-lg-2 gutters-row-v-md-2 gutters-row-v-2 style-1570 style-local-2912-c17 position-relative\">\n        <!---->\n        <div class=\"h-row justify-content-lg-center justify-content-md-center justify-content-center align-items-lg-stretch align-items-md-stretch align-items-stretch gutters-col-lg-2 gutters-col-md-2 gutters-col-0 gutters-col-v-lg-2 gutters-col-v-md-2 gutters-col-v-2\">\n          <!---->\n          <div class=\"h-column h-column-container d-flex h-col-lg-auto h-col-md-auto h-col-auto style-1571-outer style-local-2912-c18-outer\">\n            <div data-colibri-id=\"2912-c18\" class=\"d-flex h-flex-basis h-column__inner h-ui-empty-state-container h-px-lg-2 h-px-md-2 h-px-2 v-inner-lg-2 v-inner-md-2 v-inner-2 style-1571 style-local-2912-c18 position-relative\">\n              <!---->\n              <!---->\n              <div class=\"w-100 h-y-container h-column__content h-column__v-align flex-basis-100\">\n                <!---->\n              <\/div>\n            <\/div>\n          <\/div>\n        <\/div>\n      <\/div>\n    <\/div>\n  <\/div>\n<\/div>","protected":false},"excerpt":{"rendered":"<p>Mentions l\u00e9gales Mise \u00e0 jour le 7 novembre 2021 Ovemove Soci\u00e9t\u00e9 en Commandite Chauss\u00e9e d\u2019Alsemberg 975 B \u2013 1420 Braine-l\u2019Alleud BCE \/ TVA&nbsp;: BE 0776.618.919 Registre des personnes morales&nbsp;: Nivelles E-mail&nbsp;: olivier.ve@themonster.be Tel&nbsp;: 0032 473 689 671<\/p>","protected":false},"author":1,"featured_media":0,"parent":0,"menu_order":0,"comment_status":"closed","ping_status":"closed","template":"page-templates\/full-width-page.php","meta":{"footnotes":""},"class_list":["post-2912","page","type-page","status-publish","hentry"],"yoast_head":"<!-- This site is optimized with the Yoast SEO plugin v27.3 - https:\/\/yoast.com\/product\/yoast-seo-wordpress\/ -->\n<title>Mentions l\u00e9gales | The Ardennes Monster<\/title>\n<meta name=\"robots\" content=\"index, follow, max-snippet:-1, max-image-preview:large, max-video-preview:-1\" \/>\n<link rel=\"canonical\" href=\"https:\/\/themonster.be\/en\/mentionslegales\/\" \/>\n<meta property=\"og:locale\" content=\"en_GB\" \/>\n<meta property=\"og:type\" content=\"article\" \/>\n<meta property=\"og:title\" content=\"Mentions l\u00e9gales | The Ardennes Monster\" \/>\n<meta property=\"og:description\" content=\"Mentions l\u00e9gales Mise \u00e0 jour le 7 novembre 2021 Ovemove Soci\u00e9t\u00e9 en Commandite Chauss\u00e9e d\u2019Alsemberg 975 B \u2013 1420 Braine-l\u2019Alleud BCE \/ TVA&nbsp;: BE 0776.618.919 Registre des personnes morales&nbsp;: Nivelles E-mail&nbsp;: olivier.ve@themonster.be Tel&nbsp;: 0032 473 689 671\" \/>\n<meta property=\"og:url\" content=\"https:\/\/themonster.be\/en\/mentionslegales\/\" \/>\n<meta property=\"og:site_name\" content=\"The Ardennes Monster\" \/>\n<meta property=\"article:publisher\" content=\"https:\/\/www.facebook.com\/ArdennesMonster\" \/>\n<meta property=\"article:modified_time\" content=\"2021-11-04T15:49:06+00:00\" \/>\n<meta name=\"twitter:card\" content=\"summary_large_image\" \/>\n<script type=\"application\/ld+json\" class=\"yoast-schema-graph\">{\"@context\":\"https:\\\/\\\/schema.org\",\"@graph\":[{\"@type\":\"WebPage\",\"@id\":\"https:\\\/\\\/themonster.be\\\/mentionslegales\\\/\",\"url\":\"https:\\\/\\\/themonster.be\\\/mentionslegales\\\/\",\"name\":\"Mentions l\u00e9gales | The Ardennes Monster\",\"isPartOf\":{\"@id\":\"https:\\\/\\\/themonster.be\\\/#website\"},\"datePublished\":\"2021-11-04T15:45:45+00:00\",\"dateModified\":\"2021-11-04T15:49:06+00:00\",\"breadcrumb\":{\"@id\":\"https:\\\/\\\/themonster.be\\\/mentionslegales\\\/#breadcrumb\"},\"inLanguage\":\"en-GB\",\"potentialAction\":[{\"@type\":\"ReadAction\",\"target\":[\"https:\\\/\\\/themonster.be\\\/mentionslegales\\\/\"]}]},{\"@type\":\"BreadcrumbList\",\"@id\":\"https:\\\/\\\/themonster.be\\\/mentionslegales\\\/#breadcrumb\",\"itemListElement\":[{\"@type\":\"ListItem\",\"position\":1,\"name\":\"Accueil\",\"item\":\"https:\\\/\\\/themonster.be\\\/\"},{\"@type\":\"ListItem\",\"position\":2,\"name\":\"Mentions l\u00e9gales\"}]},{\"@type\":\"WebSite\",\"@id\":\"https:\\\/\\\/themonster.be\\\/#website\",\"url\":\"https:\\\/\\\/themonster.be\\\/\",\"name\":\"The Ardennes Monster\",\"description\":\"RESIST &amp; RIDE\",\"publisher\":{\"@id\":\"https:\\\/\\\/themonster.be\\\/#organization\"},\"potentialAction\":[{\"@type\":\"SearchAction\",\"target\":{\"@type\":\"EntryPoint\",\"urlTemplate\":\"https:\\\/\\\/themonster.be\\\/?s={search_term_string}\"},\"query-input\":{\"@type\":\"PropertyValueSpecification\",\"valueRequired\":true,\"valueName\":\"search_term_string\"}}],\"inLanguage\":\"en-GB\"},{\"@type\":\"Organization\",\"@id\":\"https:\\\/\\\/themonster.be\\\/#organization\",\"name\":\"The Ardennes Monster\",\"url\":\"https:\\\/\\\/themonster.be\\\/\",\"logo\":{\"@type\":\"ImageObject\",\"inLanguage\":\"en-GB\",\"@id\":\"https:\\\/\\\/themonster.be\\\/#\\\/schema\\\/logo\\\/image\\\/\",\"url\":\"https:\\\/\\\/i0.wp.com\\\/themonster.be\\\/wp-content\\\/uploads\\\/2021\\\/11\\\/logo-black-1.png?fit=1552%2C1525&ssl=1\",\"contentUrl\":\"https:\\\/\\\/i0.wp.com\\\/themonster.be\\\/wp-content\\\/uploads\\\/2021\\\/11\\\/logo-black-1.png?fit=1552%2C1525&ssl=1\",\"width\":1552,\"height\":1525,\"caption\":\"The Ardennes Monster\"},\"image\":{\"@id\":\"https:\\\/\\\/themonster.be\\\/#\\\/schema\\\/logo\\\/image\\\/\"},\"sameAs\":[\"https:\\\/\\\/www.facebook.com\\\/ArdennesMonster\",\"https:\\\/\\\/www.instagram.com\\\/the_ardennes_monster\\\/\"]}]}<\/script>\n<!-- \/ Yoast SEO plugin. -->","yoast_head_json":{"title":"Mentions l\u00e9gales | The Ardennes Monster","robots":{"index":"index","follow":"follow","max-snippet":"max-snippet:-1","max-image-preview":"max-image-preview:large","max-video-preview":"max-video-preview:-1"},"canonical":"https:\/\/themonster.be\/en\/mentionslegales\/","og_locale":"en_GB","og_type":"article","og_title":"Mentions l\u00e9gales | The Ardennes Monster","og_description":"Mentions l\u00e9gales Mise \u00e0 jour le 7 novembre 2021 Ovemove Soci\u00e9t\u00e9 en Commandite Chauss\u00e9e d\u2019Alsemberg 975 B \u2013 1420 Braine-l\u2019Alleud BCE \/ TVA&nbsp;: BE 0776.618.919 Registre des personnes morales&nbsp;: Nivelles E-mail&nbsp;: olivier.ve@themonster.be Tel&nbsp;: 0032 473 689 671","og_url":"https:\/\/themonster.be\/en\/mentionslegales\/","og_site_name":"The Ardennes Monster","article_publisher":"https:\/\/www.facebook.com\/ArdennesMonster","article_modified_time":"2021-11-04T15:49:06+00:00","twitter_card":"summary_large_image","schema":{"@context":"https:\/\/schema.org","@graph":[{"@type":"WebPage","@id":"https:\/\/themonster.be\/mentionslegales\/","url":"https:\/\/themonster.be\/mentionslegales\/","name":"Mentions l\u00e9gales | The Ardennes Monster","isPartOf":{"@id":"https:\/\/themonster.be\/#website"},"datePublished":"2021-11-04T15:45:45+00:00","dateModified":"2021-11-04T15:49:06+00:00","breadcrumb":{"@id":"https:\/\/themonster.be\/mentionslegales\/#breadcrumb"},"inLanguage":"en-GB","potentialAction":[{"@type":"ReadAction","target":["https:\/\/themonster.be\/mentionslegales\/"]}]},{"@type":"BreadcrumbList","@id":"https:\/\/themonster.be\/mentionslegales\/#breadcrumb","itemListElement":[{"@type":"ListItem","position":1,"name":"Accueil","item":"https:\/\/themonster.be\/"},{"@type":"ListItem","position":2,"name":"Mentions l\u00e9gales"}]},{"@type":"WebSite","@id":"https:\/\/themonster.be\/#website","url":"https:\/\/themonster.be\/","name":"The Ardennes Monster","description":"RESIST &amp; RIDE","publisher":{"@id":"https:\/\/themonster.be\/#organization"},"potentialAction":[{"@type":"SearchAction","target":{"@type":"EntryPoint","urlTemplate":"https:\/\/themonster.be\/?s={search_term_string}"},"query-input":{"@type":"PropertyValueSpecification","valueRequired":true,"valueName":"search_term_string"}}],"inLanguage":"en-GB"},{"@type":"Organization","@id":"https:\/\/themonster.be\/#organization","name":"The Ardennes Monster","url":"https:\/\/themonster.be\/","logo":{"@type":"ImageObject","inLanguage":"en-GB","@id":"https:\/\/themonster.be\/#\/schema\/logo\/image\/","url":"https:\/\/i0.wp.com\/themonster.be\/wp-content\/uploads\/2021\/11\/logo-black-1.png?fit=1552%2C1525&ssl=1","contentUrl":"https:\/\/i0.wp.com\/themonster.be\/wp-content\/uploads\/2021\/11\/logo-black-1.png?fit=1552%2C1525&ssl=1","width":1552,"height":1525,"caption":"The Ardennes Monster"},"image":{"@id":"https:\/\/themonster.be\/#\/schema\/logo\/image\/"},"sameAs":["https:\/\/www.facebook.com\/ArdennesMonster","https:\/\/www.instagram.com\/the_ardennes_monster\/"]}]}},"jetpack_sharing_enabled":true,"_links":{"self":[{"href":"https:\/\/themonster.be\/en\/wp-json\/wp\/v2\/pages\/2912","targetHints":{"allow":["GET"]}}],"collection":[{"href":"https:\/\/themonster.be\/en\/wp-json\/wp\/v2\/pages"}],"about":[{"href":"https:\/\/themonster.be\/en\/wp-json\/wp\/v2\/types\/page"}],"author":[{"embeddable":true,"href":"https:\/\/themonster.be\/en\/wp-json\/wp\/v2\/users\/1"}],"replies":[{"embeddable":true,"href":"https:\/\/themonster.be\/en\/wp-json\/wp\/v2\/comments?post=2912"}],"version-history":[{"count":2,"href":"https:\/\/themonster.be\/en\/wp-json\/wp\/v2\/pages\/2912\/revisions"}],"predecessor-version":[{"id":2922,"href":"https:\/\/themonster.be\/en\/wp-json\/wp\/v2\/pages\/2912\/revisions\/2922"}],"wp:attachment":[{"href":"https:\/\/themonster.be\/en\/wp-json\/wp\/v2\/media?parent=2912"}],"curies":[{"name":"wp","href":"https:\/\/api.w.org\/{rel}","templated":true}]}}