{"id":1603,"date":"2019-01-10T12:36:46","date_gmt":"2019-01-10T11:36:46","guid":{"rendered":"http:\/\/10.44.205.4\/wp\/gabi\/barber\/?page_id=2"},"modified":"2022-06-09T19:38:06","modified_gmt":"2022-06-09T17:38:06","slug":"hills","status":"publish","type":"page","link":"https:\/\/themonster.be\/en\/hills\/","title":{"rendered":"Hills"},"content":{"rendered":"<div data-colibri-id=\"1603-c1\" class=\"style-1466 style-local-1603-c1 position-relative\">\n  <!---->\n  <div data-colibri-component=\"section\" data-colibri-id=\"1603-c2\" id=\"initial-content\" class=\"h-section h-section-global-spacing d-flex align-items-lg-center align-items-md-center align-items-center style-1467 style-local-1603-c2 position-relative\">\n    <!---->\n    <!---->\n    <div class=\"h-section-grid-container h-section-boxed-container\">\n      <!---->\n      <div data-colibri-id=\"1603-c3\" class=\"h-row-container gutters-row-lg-2 gutters-row-md-2 gutters-row-0 gutters-row-v-lg-2 gutters-row-v-md-2 gutters-row-v-2 style-1545 style-local-1603-c3 position-relative\">\n        <!---->\n        <div class=\"h-row justify-content-lg-center justify-content-md-center justify-content-center align-items-lg-stretch align-items-md-stretch align-items-stretch gutters-col-lg-2 gutters-col-md-2 gutters-col-0 gutters-col-v-lg-2 gutters-col-v-md-2 gutters-col-v-2\">\n          <!---->\n          <div class=\"h-column h-column-container d-flex h-col-lg-auto h-col-md-auto h-col-auto style-1546-outer style-local-1603-c4-outer\">\n            <div data-colibri-id=\"1603-c4\" class=\"d-flex h-flex-basis h-column__inner h-px-lg-2 h-px-md-2 h-px-2 v-inner-lg-2 v-inner-md-2 v-inner-2 style-1546 style-local-1603-c4 position-relative\">\n              <!---->\n              <!---->\n              <div class=\"w-100 h-y-container h-column__content h-column__v-align flex-basis-100 align-self-lg-start align-self-md-start align-self-start\">\n                <!---->\n                <div data-colibri-id=\"1603-c5\" class=\"h-global-transition-all h-heading style-1547 style-local-1603-c5 position-relative h-element\">\n                  <!---->\n                  <div class=\"h-heading__outer style-1547 style-local-1603-c5\">\n                    <!---->\n                    <!---->\n                    <h2 class=\"\">Top 50 Hills<\/h2>\n                  <\/div>\n                <\/div>\n                <div data-colibri-id=\"1603-c6\" class=\"h-global-transition-all h-heading style-1839 style-local-1603-c6 position-relative h-element\">\n                  <!---->\n                  <div class=\"h-heading__outer style-1839 style-local-1603-c6\">\n                    <!---->\n                    <!---->\n                    <h3 class=\"\"><span style=\"font-size: 51%;\">If you have ever ridden in the Ardennes, you know how it feels to climb multiple hills : it can be as hard as climbing several passes from the Alps. The Monster will not let you alone : you will have to beat the most difficult climbs of Belgium.<\/span><\/h3>\n                  <\/div>\n                <\/div>\n              <\/div>\n            <\/div>\n          <\/div>\n        <\/div>\n      <\/div>\n      <div data-colibri-id=\"1603-c7\" class=\"h-row-container gutters-row-lg-2 gutters-row-md-2 gutters-row-0 gutters-row-v-lg-2 gutters-row-v-md-2 gutters-row-v-2 style-1468 style-local-1603-c7 position-relative\">\n        <!---->\n        <div class=\"h-row justify-content-lg-center justify-content-md-center justify-content-center align-items-lg-stretch align-items-md-stretch align-items-stretch gutters-col-lg-2 gutters-col-md-2 gutters-col-0 gutters-col-v-lg-2 gutters-col-v-md-2 gutters-col-v-2\">\n          <!---->\n          <div class=\"h-column h-column-container d-flex h-col-lg-auto h-col-md-auto h-col-auto style-1469-outer style-local-1603-c8-outer\">\n            <div data-colibri-id=\"1603-c8\" class=\"d-flex h-flex-basis h-column__inner h-px-lg-2 h-px-md-2 h-px-2 v-inner-lg-2 v-inner-md-2 v-inner-2 style-1469 style-local-1603-c8 position-relative\">\n              <!---->\n              <!---->\n              <div class=\"w-100 h-y-container h-column__content h-column__v-align flex-basis-100 align-self-lg-start align-self-md-start align-self-start\">\n                <!---->\n                <div data-colibri-id=\"1603-c9\" class=\"d-block style-1544 style-local-1603-c9 position-relative h-element\">\n                  <!---->\n                  <div class=\"h-image__frame-container-outer\">\n                    <div class=\"h-image__frame-container\">\n                      <!---->\n                      <!---->\n                      <img data-recalc-dims=\"1\" loading=\"lazy\" decoding=\"async\" width=\"945\" height=\"1604\" src=\"https:\/\/i0.wp.com\/themonster.be\/wp-content\/uploads\/2021\/11\/cropped-hills-4.jpg?resize=945%2C1604&#038;ssl=1\" class=\"wp-image-2800 style-1544-image style-local-1603-c9-image\" alt=\"\" srcset=\"https:\/\/i0.wp.com\/themonster.be\/wp-content\/uploads\/2021\/11\/cropped-hills-4.jpg?w=945&amp;ssl=1 945w, https:\/\/i0.wp.com\/themonster.be\/wp-content\/uploads\/2021\/11\/cropped-hills-4.jpg?resize=177%2C300&amp;ssl=1 177w, https:\/\/i0.wp.com\/themonster.be\/wp-content\/uploads\/2021\/11\/cropped-hills-4.jpg?resize=603%2C1024&amp;ssl=1 603w, https:\/\/i0.wp.com\/themonster.be\/wp-content\/uploads\/2021\/11\/cropped-hills-4.jpg?resize=768%2C1304&amp;ssl=1 768w, https:\/\/i0.wp.com\/themonster.be\/wp-content\/uploads\/2021\/11\/cropped-hills-4.jpg?resize=905%2C1536&amp;ssl=1 905w\" sizes=\"auto, (max-width: 945px) 100vw, 945px\" \/>\n                      <div class=\"h-image__frame h-hide-lg h-hide-md h-hide-sm style-1544-frameImage style-local-1603-c9-frameImage\"><\/div>\n                    <\/div>\n                  <\/div>\n                <\/div>\n              <\/div>\n            <\/div>\n          <\/div>\n          <div class=\"h-column h-column-container d-flex h-col-lg-auto h-col-md-auto h-col-auto style-1469-outer style-local-1603-c10-outer\">\n            <div data-colibri-id=\"1603-c10\" class=\"d-flex h-flex-basis h-column__inner h-ui-empty-state-container h-px-lg-2 h-px-md-2 h-px-2 v-inner-lg-2 v-inner-md-2 v-inner-2 style-1469 style-local-1603-c10 position-relative\">\n              <!---->\n              <!---->\n              <div class=\"w-100 h-y-container h-column__content h-column__v-align flex-basis-100\">\n                <!---->\n              <\/div>\n            <\/div>\n          <\/div>\n        <\/div>\n      <\/div>\n    <\/div>\n  <\/div>\n  <div data-colibri-component=\"section\" data-colibri-id=\"1603-c11\" id=\"initial-content\" class=\"h-section h-section-global-spacing d-flex align-items-lg-center align-items-md-center align-items-center style-1467 style-local-1603-c11 position-relative\">\n    <!---->\n    <!---->\n    <div class=\"h-section-grid-container h-section-boxed-container\">\n      <!---->\n      <div data-colibri-id=\"1603-c12\" class=\"h-row-container gutters-row-lg-2 gutters-row-md-2 gutters-row-0 gutters-row-v-lg-2 gutters-row-v-md-2 gutters-row-v-2 style-1468 style-local-1603-c12 position-relative\">\n        <!---->\n        <div class=\"h-row justify-content-lg-center justify-content-md-center justify-content-center align-items-lg-stretch align-items-md-stretch align-items-stretch gutters-col-lg-2 gutters-col-md-2 gutters-col-0 gutters-col-v-lg-2 gutters-col-v-md-2 gutters-col-v-2\">\n          <!---->\n          <div class=\"h-column h-column-container d-flex h-col-lg-auto h-col-md-auto h-col-auto style-1469-outer style-local-1603-c13-outer\">\n            <div data-colibri-id=\"1603-c13\" class=\"d-flex h-flex-basis h-column__inner h-ui-empty-state-container h-px-lg-2 h-px-md-2 h-px-2 v-inner-lg-2 v-inner-md-2 v-inner-2 style-1469 style-local-1603-c13 position-relative\">\n              <!---->\n              <!---->\n              <div class=\"w-100 h-y-container h-column__content h-column__v-align flex-basis-100\">\n                <!---->\n              <\/div>\n            <\/div>\n          <\/div>\n          <div class=\"h-column h-column-container d-flex h-col-lg-auto h-col-md-auto h-col-auto style-1474-outer style-local-1603-c14-outer\">\n            <div data-colibri-id=\"1603-c14\" class=\"d-flex h-flex-basis h-column__inner h-ui-empty-state-container h-px-lg-2 h-px-md-2 h-px-2 v-inner-lg-2 v-inner-md-2 v-inner-2 style-1474 style-local-1603-c14 position-relative\">\n              <!---->\n              <!---->\n              <div class=\"w-100 h-y-container h-column__content h-column__v-align flex-basis-100\">\n                <!---->\n              <\/div>\n            <\/div>\n          <\/div>\n        <\/div>\n      <\/div>\n    <\/div>\n  <\/div>\n<\/div>","protected":false},"excerpt":{"rendered":"<p>Top 50 des c\u00f4tes Si vous avez d\u00e9j\u00e0 fait du v\u00e9lo en Ardenne, vous savez \u00e0 quel point un encha\u00eenement de c\u00f4tes peut \u00eatre aussi redoutable que de monter plusieurs cols des alpes. Le Monster ne vous laissera jamais tranquille : vous devrez venir \u00e0 bout des ascensions les plus difficiles de Belgique.<\/p>","protected":false},"author":1,"featured_media":0,"parent":0,"menu_order":0,"comment_status":"closed","ping_status":"closed","template":"page-templates\/full-width-page.php","meta":{"footnotes":""},"class_list":["post-1603","page","type-page","status-publish","hentry"],"yoast_head":"<!-- This site is optimized with the Yoast SEO plugin v27.4 - https:\/\/yoast.com\/product\/yoast-seo-wordpress\/ -->\n<title>Les C\u00f4tes : partez \u00e0 la conqu\u00eate du Cotacol<\/title>\n<meta name=\"robots\" content=\"index, follow, max-snippet:-1, max-image-preview:large, max-video-preview:-1\" \/>\n<link rel=\"canonical\" href=\"https:\/\/themonster.be\/en\/hills\/\" \/>\n<meta property=\"og:locale\" content=\"en_GB\" \/>\n<meta property=\"og:type\" content=\"article\" \/>\n<meta property=\"og:title\" content=\"Les C\u00f4tes : partez \u00e0 la conqu\u00eate du Cotacol\" \/>\n<meta property=\"og:description\" content=\"Top 50 des c\u00f4tes Si vous avez d\u00e9j\u00e0 fait du v\u00e9lo en Ardenne, vous savez \u00e0 quel point un encha\u00eenement de c\u00f4tes peut \u00eatre aussi redoutable que de monter plusieurs cols des alpes. Le Monster ne vous laissera jamais tranquille : vous devrez venir \u00e0 bout des ascensions les plus difficiles de Belgique.\" \/>\n<meta property=\"og:url\" content=\"https:\/\/themonster.be\/en\/hills\/\" \/>\n<meta property=\"og:site_name\" content=\"The Ardennes Monster\" \/>\n<meta property=\"article:publisher\" content=\"https:\/\/www.facebook.com\/ArdennesMonster\" \/>\n<meta property=\"article:modified_time\" content=\"2022-06-09T17:38:06+00:00\" \/>\n<meta property=\"og:image\" content=\"https:\/\/themonster.be\/wp-content\/uploads\/2021\/11\/cropped-hills-4.jpg\" \/>\n<meta name=\"twitter:card\" content=\"summary_large_image\" \/>\n<script type=\"application\/ld+json\" class=\"yoast-schema-graph\">{\"@context\":\"https:\\\/\\\/schema.org\",\"@graph\":[{\"@type\":\"WebPage\",\"@id\":\"https:\\\/\\\/themonster.be\\\/hills\\\/\",\"url\":\"https:\\\/\\\/themonster.be\\\/hills\\\/\",\"name\":\"Les C\u00f4tes : partez \u00e0 la conqu\u00eate du Cotacol\",\"isPartOf\":{\"@id\":\"https:\\\/\\\/themonster.be\\\/#website\"},\"primaryImageOfPage\":{\"@id\":\"https:\\\/\\\/themonster.be\\\/hills\\\/#primaryimage\"},\"image\":{\"@id\":\"https:\\\/\\\/themonster.be\\\/hills\\\/#primaryimage\"},\"thumbnailUrl\":\"https:\\\/\\\/themonster.be\\\/wp-content\\\/uploads\\\/2021\\\/11\\\/cropped-hills-4.jpg\",\"datePublished\":\"2019-01-10T11:36:46+00:00\",\"dateModified\":\"2022-06-09T17:38:06+00:00\",\"breadcrumb\":{\"@id\":\"https:\\\/\\\/themonster.be\\\/hills\\\/#breadcrumb\"},\"inLanguage\":\"en-GB\",\"potentialAction\":[{\"@type\":\"ReadAction\",\"target\":[\"https:\\\/\\\/themonster.be\\\/hills\\\/\"]}]},{\"@type\":\"ImageObject\",\"inLanguage\":\"en-GB\",\"@id\":\"https:\\\/\\\/themonster.be\\\/hills\\\/#primaryimage\",\"url\":\"https:\\\/\\\/themonster.be\\\/wp-content\\\/uploads\\\/2021\\\/11\\\/cropped-hills-4.jpg\",\"contentUrl\":\"https:\\\/\\\/themonster.be\\\/wp-content\\\/uploads\\\/2021\\\/11\\\/cropped-hills-4.jpg\"},{\"@type\":\"BreadcrumbList\",\"@id\":\"https:\\\/\\\/themonster.be\\\/hills\\\/#breadcrumb\",\"itemListElement\":[{\"@type\":\"ListItem\",\"position\":1,\"name\":\"Accueil\",\"item\":\"https:\\\/\\\/themonster.be\\\/\"},{\"@type\":\"ListItem\",\"position\":2,\"name\":\"Les C\u00f4tes\"}]},{\"@type\":\"WebSite\",\"@id\":\"https:\\\/\\\/themonster.be\\\/#website\",\"url\":\"https:\\\/\\\/themonster.be\\\/\",\"name\":\"The Ardennes Monster\",\"description\":\"RESIST &amp; RIDE\",\"publisher\":{\"@id\":\"https:\\\/\\\/themonster.be\\\/#organization\"},\"potentialAction\":[{\"@type\":\"SearchAction\",\"target\":{\"@type\":\"EntryPoint\",\"urlTemplate\":\"https:\\\/\\\/themonster.be\\\/?s={search_term_string}\"},\"query-input\":{\"@type\":\"PropertyValueSpecification\",\"valueRequired\":true,\"valueName\":\"search_term_string\"}}],\"inLanguage\":\"en-GB\"},{\"@type\":\"Organization\",\"@id\":\"https:\\\/\\\/themonster.be\\\/#organization\",\"name\":\"The Ardennes Monster\",\"url\":\"https:\\\/\\\/themonster.be\\\/\",\"logo\":{\"@type\":\"ImageObject\",\"inLanguage\":\"en-GB\",\"@id\":\"https:\\\/\\\/themonster.be\\\/#\\\/schema\\\/logo\\\/image\\\/\",\"url\":\"https:\\\/\\\/i0.wp.com\\\/themonster.be\\\/wp-content\\\/uploads\\\/2021\\\/11\\\/logo-black-1.png?fit=1552%2C1525&ssl=1\",\"contentUrl\":\"https:\\\/\\\/i0.wp.com\\\/themonster.be\\\/wp-content\\\/uploads\\\/2021\\\/11\\\/logo-black-1.png?fit=1552%2C1525&ssl=1\",\"width\":1552,\"height\":1525,\"caption\":\"The Ardennes Monster\"},\"image\":{\"@id\":\"https:\\\/\\\/themonster.be\\\/#\\\/schema\\\/logo\\\/image\\\/\"},\"sameAs\":[\"https:\\\/\\\/www.facebook.com\\\/ArdennesMonster\",\"https:\\\/\\\/www.instagram.com\\\/the_ardennes_monster\\\/\"]}]}<\/script>\n<!-- \/ Yoast SEO plugin. -->","yoast_head_json":{"title":"Les C\u00f4tes : partez \u00e0 la conqu\u00eate du Cotacol","robots":{"index":"index","follow":"follow","max-snippet":"max-snippet:-1","max-image-preview":"max-image-preview:large","max-video-preview":"max-video-preview:-1"},"canonical":"https:\/\/themonster.be\/en\/hills\/","og_locale":"en_GB","og_type":"article","og_title":"Les C\u00f4tes : partez \u00e0 la conqu\u00eate du Cotacol","og_description":"Top 50 des c\u00f4tes Si vous avez d\u00e9j\u00e0 fait du v\u00e9lo en Ardenne, vous savez \u00e0 quel point un encha\u00eenement de c\u00f4tes peut \u00eatre aussi redoutable que de monter plusieurs cols des alpes. Le Monster ne vous laissera jamais tranquille : vous devrez venir \u00e0 bout des ascensions les plus difficiles de Belgique.","og_url":"https:\/\/themonster.be\/en\/hills\/","og_site_name":"The Ardennes Monster","article_publisher":"https:\/\/www.facebook.com\/ArdennesMonster","article_modified_time":"2022-06-09T17:38:06+00:00","og_image":[{"url":"https:\/\/themonster.be\/wp-content\/uploads\/2021\/11\/cropped-hills-4.jpg","type":"","width":"","height":""}],"twitter_card":"summary_large_image","schema":{"@context":"https:\/\/schema.org","@graph":[{"@type":"WebPage","@id":"https:\/\/themonster.be\/hills\/","url":"https:\/\/themonster.be\/hills\/","name":"Les C\u00f4tes : partez \u00e0 la conqu\u00eate du Cotacol","isPartOf":{"@id":"https:\/\/themonster.be\/#website"},"primaryImageOfPage":{"@id":"https:\/\/themonster.be\/hills\/#primaryimage"},"image":{"@id":"https:\/\/themonster.be\/hills\/#primaryimage"},"thumbnailUrl":"https:\/\/themonster.be\/wp-content\/uploads\/2021\/11\/cropped-hills-4.jpg","datePublished":"2019-01-10T11:36:46+00:00","dateModified":"2022-06-09T17:38:06+00:00","breadcrumb":{"@id":"https:\/\/themonster.be\/hills\/#breadcrumb"},"inLanguage":"en-GB","potentialAction":[{"@type":"ReadAction","target":["https:\/\/themonster.be\/hills\/"]}]},{"@type":"ImageObject","inLanguage":"en-GB","@id":"https:\/\/themonster.be\/hills\/#primaryimage","url":"https:\/\/themonster.be\/wp-content\/uploads\/2021\/11\/cropped-hills-4.jpg","contentUrl":"https:\/\/themonster.be\/wp-content\/uploads\/2021\/11\/cropped-hills-4.jpg"},{"@type":"BreadcrumbList","@id":"https:\/\/themonster.be\/hills\/#breadcrumb","itemListElement":[{"@type":"ListItem","position":1,"name":"Accueil","item":"https:\/\/themonster.be\/"},{"@type":"ListItem","position":2,"name":"Les C\u00f4tes"}]},{"@type":"WebSite","@id":"https:\/\/themonster.be\/#website","url":"https:\/\/themonster.be\/","name":"The Ardennes Monster","description":"RESIST &amp; RIDE","publisher":{"@id":"https:\/\/themonster.be\/#organization"},"potentialAction":[{"@type":"SearchAction","target":{"@type":"EntryPoint","urlTemplate":"https:\/\/themonster.be\/?s={search_term_string}"},"query-input":{"@type":"PropertyValueSpecification","valueRequired":true,"valueName":"search_term_string"}}],"inLanguage":"en-GB"},{"@type":"Organization","@id":"https:\/\/themonster.be\/#organization","name":"The Ardennes Monster","url":"https:\/\/themonster.be\/","logo":{"@type":"ImageObject","inLanguage":"en-GB","@id":"https:\/\/themonster.be\/#\/schema\/logo\/image\/","url":"https:\/\/i0.wp.com\/themonster.be\/wp-content\/uploads\/2021\/11\/logo-black-1.png?fit=1552%2C1525&ssl=1","contentUrl":"https:\/\/i0.wp.com\/themonster.be\/wp-content\/uploads\/2021\/11\/logo-black-1.png?fit=1552%2C1525&ssl=1","width":1552,"height":1525,"caption":"The Ardennes Monster"},"image":{"@id":"https:\/\/themonster.be\/#\/schema\/logo\/image\/"},"sameAs":["https:\/\/www.facebook.com\/ArdennesMonster","https:\/\/www.instagram.com\/the_ardennes_monster\/"]}]}},"jetpack_sharing_enabled":true,"_links":{"self":[{"href":"https:\/\/themonster.be\/en\/wp-json\/wp\/v2\/pages\/1603","targetHints":{"allow":["GET"]}}],"collection":[{"href":"https:\/\/themonster.be\/en\/wp-json\/wp\/v2\/pages"}],"about":[{"href":"https:\/\/themonster.be\/en\/wp-json\/wp\/v2\/types\/page"}],"author":[{"embeddable":true,"href":"https:\/\/themonster.be\/en\/wp-json\/wp\/v2\/users\/1"}],"replies":[{"embeddable":true,"href":"https:\/\/themonster.be\/en\/wp-json\/wp\/v2\/comments?post=1603"}],"version-history":[{"count":17,"href":"https:\/\/themonster.be\/en\/wp-json\/wp\/v2\/pages\/1603\/revisions"}],"predecessor-version":[{"id":5143,"href":"https:\/\/themonster.be\/en\/wp-json\/wp\/v2\/pages\/1603\/revisions\/5143"}],"wp:attachment":[{"href":"https:\/\/themonster.be\/en\/wp-json\/wp\/v2\/media?parent=1603"}],"curies":[{"name":"wp","href":"https:\/\/api.w.org\/{rel}","templated":true}]}}